{"id":2362,"date":"2024-04-25T15:45:49","date_gmt":"2024-04-25T13:45:49","guid":{"rendered":"https:\/\/lvvspanishschool.com\/?page_id=2362"},"modified":"2024-04-25T15:45:50","modified_gmt":"2024-04-25T13:45:50","slug":"fomento-del-autoempleo-en-castilla-y-leon","status":"publish","type":"page","link":"https:\/\/lvvspanishschool.com\/es\/fomento-del-autoempleo-en-castilla-y-leon\/","title":{"rendered":"FOMENTO DEL AUTOEMPLEO EN CASTILLA Y LE\u00d3N\u00a0"},"content":{"rendered":"<p><\/p>\n\n\n\n<p><strong>PARA EL A\u00d1O 2023&nbsp;<\/strong><\/p>\n\n\n\n<p><strong>ESTA ACTIVIDAD ECON\u00d3MICA HA SIDO SUBVENCIONADA AL AMPARO DE LA ORDEN DE 11 DE JULIO DE 2023, DE LA CONSEJER\u00cdA DE INDUSTRIA, COMERCIO Y EMPLEO, POR LA QUE SE CONVOCAN SUBVENCIONES PARA FAVORECER EL ESTABLECIMIENTO DE TRABAJADORES POR CUENTA PROPIA O AUT\u00d3NOMOS QUE TRASLADEN SU ACTIVIDAD ECON\u00d3MICA A CASTILLA Y LE\u00d3N PROCEDENTES DE OTRAS COMUNIDADES AUT\u00d3NOMAS.&nbsp;<\/strong><\/p>\n\n\n\n<p><strong><em>OBJETIVO<\/em>: Facilitar el establecimiento de trabajadores aut\u00f3nomos que trasladen su actividad a Castilla y Le\u00f3n desde cualquier otra comunidad aut\u00f3noma, consolidando sus negocios en nuestro territorio.&nbsp;<\/strong><\/p>","protected":false},"excerpt":{"rendered":"<p>PARA EL A\u00d1O 2023&nbsp; ESTA ACTIVIDAD ECON\u00d3MICA HA SIDO SUBVENCIONADA AL AMPARO DE LA ORDEN DE 11 DE JULIO DE 2023, DE LA CONSEJER\u00cdA DE INDUSTRIA, COMERCIO Y EMPLEO, POR LA QUE SE CONVOCAN SUBVENCIONES PARA FAVORECER EL ESTABLECIMIENTO DE TRABAJADORES POR CUENTA PROPIA O AUT\u00d3NOMOS QUE TRASLADEN SU ACTIVIDAD ECON\u00d3MICA A CASTILLA Y LE\u00d3N &#8230; <a title=\"FOMENTO DEL AUTOEMPLEO EN CASTILLA Y LE\u00d3N\u00a0\" class=\"read-more\" href=\"https:\/\/lvvspanishschool.com\/es\/fomento-del-autoempleo-en-castilla-y-leon\/\" aria-label=\"M\u00e1s en FOMENTO DEL AUTOEMPLEO EN CASTILLA Y LE\u00d3N\u00a0\">Leer m\u00e1s<\/a><\/p>","protected":false},"author":2,"featured_media":0,"parent":0,"menu_order":0,"comment_status":"closed","ping_status":"closed","template":"","meta":{"footnotes":""},"class_list":["post-2362","page","type-page","status-publish"],"yoast_head":"<!-- This site is optimized with the Yoast SEO plugin v27.4 - https:\/\/yoast.com\/product\/yoast-seo-wordpress\/ -->\n<title>FOMENTO DEL AUTOEMPLEO EN CASTILLA Y LE\u00d3N\u00a0 &#187; LVV Spanish Online School<\/title>\n<meta name=\"robots\" content=\"index, follow, max-snippet:-1, max-image-preview:large, max-video-preview:-1\" \/>\n<link rel=\"canonical\" href=\"https:\/\/lvvspanishschool.com\/es\/fomento-del-autoempleo-en-castilla-y-leon\/\" \/>\n<meta property=\"og:locale\" content=\"es_ES\" \/>\n<meta property=\"og:type\" content=\"article\" \/>\n<meta property=\"og:title\" content=\"FOMENTO DEL AUTOEMPLEO EN CASTILLA Y LE\u00d3N\u00a0 &#187; LVV Spanish Online School\" \/>\n<meta property=\"og:description\" content=\"PARA EL A\u00d1O 2023&nbsp; ESTA ACTIVIDAD ECON\u00d3MICA HA SIDO SUBVENCIONADA AL AMPARO DE LA ORDEN DE 11 DE JULIO DE 2023, DE LA CONSEJER\u00cdA DE INDUSTRIA, COMERCIO Y EMPLEO, POR LA QUE SE CONVOCAN SUBVENCIONES PARA FAVORECER EL ESTABLECIMIENTO DE TRABAJADORES POR CUENTA PROPIA O AUT\u00d3NOMOS QUE TRASLADEN SU ACTIVIDAD ECON\u00d3MICA A CASTILLA Y LE\u00d3N ... Leer m\u00e1s\" \/>\n<meta property=\"og:url\" content=\"https:\/\/lvvspanishschool.com\/es\/fomento-del-autoempleo-en-castilla-y-leon\/\" \/>\n<meta property=\"og:site_name\" content=\"LVV Spanish Online School\" \/>\n<meta property=\"article:modified_time\" content=\"2024-04-25T13:45:50+00:00\" \/>\n<meta name=\"twitter:card\" content=\"summary_large_image\" \/>\n<script type=\"application\/ld+json\" class=\"yoast-schema-graph\">{\"@context\":\"https:\\\/\\\/schema.org\",\"@graph\":[{\"@type\":\"WebPage\",\"@id\":\"https:\\\/\\\/lvvspanishschool.com\\\/fomento-del-autoempleo-en-castilla-y-leon\\\/\",\"url\":\"https:\\\/\\\/lvvspanishschool.com\\\/fomento-del-autoempleo-en-castilla-y-leon\\\/\",\"name\":\"FOMENTO DEL AUTOEMPLEO EN CASTILLA Y LE\u00d3N\u00a0 &#187; LVV Spanish Online School\",\"isPartOf\":{\"@id\":\"https:\\\/\\\/lvvspanishschool.com\\\/#website\"},\"datePublished\":\"2024-04-25T13:45:49+00:00\",\"dateModified\":\"2024-04-25T13:45:50+00:00\",\"breadcrumb\":{\"@id\":\"https:\\\/\\\/lvvspanishschool.com\\\/fomento-del-autoempleo-en-castilla-y-leon\\\/#breadcrumb\"},\"inLanguage\":\"es\",\"potentialAction\":[{\"@type\":\"ReadAction\",\"target\":[\"https:\\\/\\\/lvvspanishschool.com\\\/fomento-del-autoempleo-en-castilla-y-leon\\\/\"]}]},{\"@type\":\"BreadcrumbList\",\"@id\":\"https:\\\/\\\/lvvspanishschool.com\\\/fomento-del-autoempleo-en-castilla-y-leon\\\/#breadcrumb\",\"itemListElement\":[{\"@type\":\"ListItem\",\"position\":1,\"name\":\"Portada\",\"item\":\"https:\\\/\\\/lvvspanishschool.com\\\/\"},{\"@type\":\"ListItem\",\"position\":2,\"name\":\"FOMENTO DEL AUTOEMPLEO EN CASTILLA Y LE\u00d3N\u00a0\"}]},{\"@type\":\"WebSite\",\"@id\":\"https:\\\/\\\/lvvspanishschool.com\\\/#website\",\"url\":\"https:\\\/\\\/lvvspanishschool.com\\\/\",\"name\":\"LVV Spanish Online School\",\"description\":\"Spanish online school\",\"publisher\":{\"@id\":\"https:\\\/\\\/lvvspanishschool.com\\\/#organization\"},\"potentialAction\":[{\"@type\":\"SearchAction\",\"target\":{\"@type\":\"EntryPoint\",\"urlTemplate\":\"https:\\\/\\\/lvvspanishschool.com\\\/?s={search_term_string}\"},\"query-input\":{\"@type\":\"PropertyValueSpecification\",\"valueRequired\":true,\"valueName\":\"search_term_string\"}}],\"inLanguage\":\"es\"},{\"@type\":\"Organization\",\"@id\":\"https:\\\/\\\/lvvspanishschool.com\\\/#organization\",\"name\":\"LVV Spanish Online School\",\"url\":\"https:\\\/\\\/lvvspanishschool.com\\\/\",\"logo\":{\"@type\":\"ImageObject\",\"inLanguage\":\"es\",\"@id\":\"https:\\\/\\\/lvvspanishschool.com\\\/#\\\/schema\\\/logo\\\/image\\\/\",\"url\":\"https:\\\/\\\/lvvspanishschool.com\\\/wp-content\\\/uploads\\\/2021\\\/04\\\/S_LG_SH.png\",\"contentUrl\":\"https:\\\/\\\/lvvspanishschool.com\\\/wp-content\\\/uploads\\\/2021\\\/04\\\/S_LG_SH.png\",\"width\":768,\"height\":768,\"caption\":\"LVV Spanish Online School\"},\"image\":{\"@id\":\"https:\\\/\\\/lvvspanishschool.com\\\/#\\\/schema\\\/logo\\\/image\\\/\"}}]}<\/script>\n<!-- \/ Yoast SEO plugin. -->","yoast_head_json":{"title":"FOMENTO DEL AUTOEMPLEO EN CASTILLA Y LE\u00d3N\u00a0 &#187; LVV Spanish Online School","robots":{"index":"index","follow":"follow","max-snippet":"max-snippet:-1","max-image-preview":"max-image-preview:large","max-video-preview":"max-video-preview:-1"},"canonical":"https:\/\/lvvspanishschool.com\/es\/fomento-del-autoempleo-en-castilla-y-leon\/","og_locale":"es_ES","og_type":"article","og_title":"FOMENTO DEL AUTOEMPLEO EN CASTILLA Y LE\u00d3N\u00a0 &#187; LVV Spanish Online School","og_description":"PARA EL A\u00d1O 2023&nbsp; ESTA ACTIVIDAD ECON\u00d3MICA HA SIDO SUBVENCIONADA AL AMPARO DE LA ORDEN DE 11 DE JULIO DE 2023, DE LA CONSEJER\u00cdA DE INDUSTRIA, COMERCIO Y EMPLEO, POR LA QUE SE CONVOCAN SUBVENCIONES PARA FAVORECER EL ESTABLECIMIENTO DE TRABAJADORES POR CUENTA PROPIA O AUT\u00d3NOMOS QUE TRASLADEN SU ACTIVIDAD ECON\u00d3MICA A CASTILLA Y LE\u00d3N ... Leer m\u00e1s","og_url":"https:\/\/lvvspanishschool.com\/es\/fomento-del-autoempleo-en-castilla-y-leon\/","og_site_name":"LVV Spanish Online School","article_modified_time":"2024-04-25T13:45:50+00:00","twitter_card":"summary_large_image","schema":{"@context":"https:\/\/schema.org","@graph":[{"@type":"WebPage","@id":"https:\/\/lvvspanishschool.com\/fomento-del-autoempleo-en-castilla-y-leon\/","url":"https:\/\/lvvspanishschool.com\/fomento-del-autoempleo-en-castilla-y-leon\/","name":"FOMENTO DEL AUTOEMPLEO EN CASTILLA Y LE\u00d3N\u00a0 &#187; LVV Spanish Online School","isPartOf":{"@id":"https:\/\/lvvspanishschool.com\/#website"},"datePublished":"2024-04-25T13:45:49+00:00","dateModified":"2024-04-25T13:45:50+00:00","breadcrumb":{"@id":"https:\/\/lvvspanishschool.com\/fomento-del-autoempleo-en-castilla-y-leon\/#breadcrumb"},"inLanguage":"es","potentialAction":[{"@type":"ReadAction","target":["https:\/\/lvvspanishschool.com\/fomento-del-autoempleo-en-castilla-y-leon\/"]}]},{"@type":"BreadcrumbList","@id":"https:\/\/lvvspanishschool.com\/fomento-del-autoempleo-en-castilla-y-leon\/#breadcrumb","itemListElement":[{"@type":"ListItem","position":1,"name":"Portada","item":"https:\/\/lvvspanishschool.com\/"},{"@type":"ListItem","position":2,"name":"FOMENTO DEL AUTOEMPLEO EN CASTILLA Y LE\u00d3N\u00a0"}]},{"@type":"WebSite","@id":"https:\/\/lvvspanishschool.com\/#website","url":"https:\/\/lvvspanishschool.com\/","name":"LVV Spanish Online School","description":"Spanish online school","publisher":{"@id":"https:\/\/lvvspanishschool.com\/#organization"},"potentialAction":[{"@type":"SearchAction","target":{"@type":"EntryPoint","urlTemplate":"https:\/\/lvvspanishschool.com\/?s={search_term_string}"},"query-input":{"@type":"PropertyValueSpecification","valueRequired":true,"valueName":"search_term_string"}}],"inLanguage":"es"},{"@type":"Organization","@id":"https:\/\/lvvspanishschool.com\/#organization","name":"LVV Spanish Online School","url":"https:\/\/lvvspanishschool.com\/","logo":{"@type":"ImageObject","inLanguage":"es","@id":"https:\/\/lvvspanishschool.com\/#\/schema\/logo\/image\/","url":"https:\/\/lvvspanishschool.com\/wp-content\/uploads\/2021\/04\/S_LG_SH.png","contentUrl":"https:\/\/lvvspanishschool.com\/wp-content\/uploads\/2021\/04\/S_LG_SH.png","width":768,"height":768,"caption":"LVV Spanish Online School"},"image":{"@id":"https:\/\/lvvspanishschool.com\/#\/schema\/logo\/image\/"}}]}},"_links":{"self":[{"href":"https:\/\/lvvspanishschool.com\/es\/wp-json\/wp\/v2\/pages\/2362","targetHints":{"allow":["GET"]}}],"collection":[{"href":"https:\/\/lvvspanishschool.com\/es\/wp-json\/wp\/v2\/pages"}],"about":[{"href":"https:\/\/lvvspanishschool.com\/es\/wp-json\/wp\/v2\/types\/page"}],"author":[{"embeddable":true,"href":"https:\/\/lvvspanishschool.com\/es\/wp-json\/wp\/v2\/users\/2"}],"replies":[{"embeddable":true,"href":"https:\/\/lvvspanishschool.com\/es\/wp-json\/wp\/v2\/comments?post=2362"}],"version-history":[{"count":1,"href":"https:\/\/lvvspanishschool.com\/es\/wp-json\/wp\/v2\/pages\/2362\/revisions"}],"predecessor-version":[{"id":2364,"href":"https:\/\/lvvspanishschool.com\/es\/wp-json\/wp\/v2\/pages\/2362\/revisions\/2364"}],"wp:attachment":[{"href":"https:\/\/lvvspanishschool.com\/es\/wp-json\/wp\/v2\/media?parent=2362"}],"curies":[{"name":"wp","href":"https:\/\/api.w.org\/{rel}","templated":true}]}}