{"id":1004,"date":"2021-04-13T17:13:34","date_gmt":"2021-04-13T15:13:34","guid":{"rendered":"https:\/\/lvvspanishschool.com\/?page_id=1004"},"modified":"2021-08-05T17:10:37","modified_gmt":"2021-08-05T15:10:37","slug":"cookies-policy","status":"publish","type":"page","link":"https:\/\/lvvspanishschool.com\/es\/cookies-policy\/","title":{"rendered":"Pol\u00edtica de cookies"},"content":{"rendered":"<p>Pol\u00edtica de cookies LVV SPANISH ONLINE SCHOOL<\/p>\n\n\n\n<p>Esta Pol\u00edtica de Cookies es parte integrante del Aviso Legal y la Pol\u00edtica de Protecci\u00f3n de Datos de https:\/\/lvvspanishschool.com\/ (en adelante, el \u201cSitio Web\u201d). El acceso y la navegaci\u00f3n en el Sitio Web, o el uso de los servicios de esta, implican la aceptaci\u00f3n de los t\u00e9rminos y condiciones recogidos en el Aviso Legal y en la Pol\u00edtica de Protecci\u00f3n de Datos.<\/p>\n\n\n\n<p>Con el fin de facilitar tu navegaci\u00f3n por el Sitio Web, Lilia S\u00e1nchez Dieppa (en adelante \u201cLVV SPANISH ONLINE SCHOOL\u201d, con DNI 53.734.547-S, te comunica que utiliza Cookies u otros archivos de funcionalidad similar (en adelante, las \u201cCookies\u201d).<\/p>\n\n\n\n<p>En todo caso, te informamos de que LVV SPANISH ONLINE SCHOOL es el responsable de las Cookies y del tratamiento de los datos obtenidos a trav\u00e9s de las Cookies propias y de terceros decidiendo sobre la finalidad, contenido y uso del tratamiento de la informaci\u00f3n recabada.<\/p>\n\n\n\n<p>\u00bfQu\u00e9 es una Cookie?<\/p>\n\n\n\n<p>Las Cookies son archivos que contienen peque\u00f1as cantidades de informaci\u00f3n que se descargan en tu navegador cuando visitas una p\u00e1gina web. Su finalidad principal es reconocer al usuario cada vez que accede al Sitio Web permitiendo, adem\u00e1s, mejorar la calidad y ofrecer un mejor uso del Sitio Web.<\/p>\n\n\n\n<p>Las Cookies son esenciales para el funcionamiento de Internet; no pueden da\u00f1ar el equipo\/dispositivo del usuario y, si se encuentran activadas en la configuraci\u00f3n de su navegador, ayudan a identificar y resolver posibles errores de funcionamiento del Sitio Web.<\/p>\n\n\n\n<p>Uso de Cookies por parte del prestador<\/p>\n\n\n\n<p>Mediante la aceptaci\u00f3n del anuncio de cookies que aparece al comienzo de la navegaci\u00f3n en el sitio web o mediante la configuraci\u00f3n de las cookies de este sitio, aceptas de manera expresa la utilizaci\u00f3n de dichas Cookies en tus dispositivos. Si desactivas las Cookies, puede que su navegaci\u00f3n por el Sitio Web no sea \u00f3ptima y algunas de las utilidades de que dispone el Sitio Web no funcionen correctamente.<\/p>\n\n\n\n<p>Concretamente, LVV SPANISH ONLINE SCHOOL est\u00e1 utilizando las Cookies para las finalidades que a continuaci\u00f3n se exponen. Si en un futuro se utilizasen otras tecnolog\u00edas con el prop\u00f3sito de otorgar m\u00e1s y mejores servicios, se informar\u00e1 al usuario de ello.<\/p>\n\n\n\n<p>COOKIES T\u00c9CNICAS<\/p>\n\n\n\n<p>Las cookies t\u00e9cnicas son esenciales para que te puedas mover por una p\u00e1gina web y usar sus funciones. De manera general, estas cookies habilitan las diferentes funciones de la p\u00e1gina web, hacen que tu navegaci\u00f3n sea m\u00e1s segura o aportan funcionalidades que son previamente solicitadas por ti. Al ser necesarias para el funcionamiento del sitio, estas cookies por defecto estar\u00e1n activadas y no podr\u00e1n denegarse.<\/p>\n\n\n\n<p>Este sitio utiliza cookies t\u00e9cnicas necesarias para:<\/p>\n\n\n\n<p>Garantizar una navegaci\u00f3n segura y sin interrupciones por nuestro sitio web;<\/p>\n\n\n\n<p>Guardar las preferencias del usuario con respecto a la configuraci\u00f3n, aceptaci\u00f3n o rechazo de las cookies del sitio.<\/p>\n\n\n\n<p>Compartir el contenido (como art\u00edculos y entradas del blog) en las diferentes redes sociales (como Twitter o Linkedin).<\/p>\n\n\n\n<p>COOKIES ANAL\u00cdTICAS<\/p>\n\n\n\n<p>Estas cookies permiten realizar un seguimiento y an\u00e1lisis del comportamiento de los usuarios que navegan en el sitio web. La informaci\u00f3n recogida mediante este tipo de cookies se utiliza en la medici\u00f3n de la actividad de los sitios web, aplicaci\u00f3n o plataforma, con el fin de introducir mejoras en funci\u00f3n del an\u00e1lisis de los datos de uso que hacen los usuarios del servicio.<\/p>\n\n\n\n<figure class=\"wp-block-table\"><table><tbody><tr><td>PROVEEDOR COOKIES ANAL\u00cdTICAS<\/td><td>FINALIDAD<\/td><td>FECHA CADUCIDAD<\/td><\/tr><tr><td>_ga (Google Analytics)<\/td><td>Se utiliza a modo estad\u00edstico acerca de c\u00f3mo el visitante utiliza la web<\/td><td>24 meses<\/td><\/tr><tr><td>_gid (Google Analytics)<\/td><td>Se utiliza a modo estad\u00edstico para distinguir a los usuarios<\/td><td>24 meses<\/td><\/tr><tr><td>MailPoet<\/td><td>Sirve para inscribirse en la newsletter y como formulario de contacto<\/td><td>24 meses<\/td><\/tr><tr><td>Protecci\u00f3n de datos RGPD<\/td><td>Se utiliza para guardar informaci\u00f3n de si el usuario ha aceptado las cookies<\/td><td>12 meses<\/td><\/tr><tr><td>Facebook Like<\/td><td>Compartici\u00f3n en redes sociales<\/td><td>24 meses<\/td><\/tr><tr><td>Funciones sociales de Instagram<\/td><td>Compartici\u00f3n en redes sociales<\/td><td>24 meses<\/td><\/tr><\/tbody><\/table><\/figure>\n\n\n\n<p>COOKIES PUBLICITARIAS<\/p>\n\n\n\n<p>Estas cookies son aquellas que almacenan informaci\u00f3n del comportamiento de los usuarios obtenida a trav\u00e9s de la observaci\u00f3n continuada de sus h\u00e1bitos de navegaci\u00f3n, lo que permite desarrollar un perfil espec\u00edfico para mostrar publicidad en funci\u00f3n de este.<\/p>\n\n\n\n<p>El Sitio Web emplea cookies que pueden recoger las preferencias de navegaci\u00f3n del usuario (e.g. reconocer si el usuario emplea un dispositivo m\u00f3vil o un ordenador, con la finalidad de la personalizaci\u00f3n de la interfaz del usuario).<\/p>\n\n\n\n<p>En concreto, usamos estas cookies:<\/p>\n\n\n\n<figure class=\"wp-block-table\"><table><tbody><tr><td>COOKIES PUBLICITARIAS<\/td><td>FINALIDAD<\/td><td>FECHA CADUCIDAD<\/td><\/tr><tr><td>Google Ads<\/td><td>Estas cookies sirven para orientar la publicidad seg\u00fan el contenido que es relevante para un usuario, mejorar los informes de rendimiento de la campa\u00f1a y evitar mostrar anuncios que el usuario ya haya visto.<\/td><td>24 meses<\/td><\/tr><\/tbody><\/table><\/figure>\n\n\n\n<p>Control y borrado de cookies<\/p>\n\n\n\n<p>Con la herramienta de configuraci\u00f3n de cookies, tienes la posibilidad de rechazar o aceptar cookies que requieran de tu consentimiento. Tambi\u00e9n puedes bloquear y eliminar cookies cambiando la configuraci\u00f3n de tu navegador. Para administrar las cookies, la mayor\u00eda de los navegadores permiten rechazar o aceptar todas las cookies o solo aceptar ciertos tipos de cookies. El proceso para la gesti\u00f3n y eliminaci\u00f3n de cookies se puede encontrar en la funci\u00f3n de ayuda integrada en el navegador. Si deseas limitar el uso de cookies, no podr\u00e1s utilizar todas las funciones interactivas de nuestro sitio web.<\/p>\n\n\n\n<p>De igual manera, puedes permitir, bloquear o eliminar las cookies instaladas en tu equipo mediante la configuraci\u00f3n de las opciones del navegador instalado en tu ordenador:<\/p>\n\n\n\n<p>Firefox: <a href=\"https:\/\/support.mozilla.org\/es\/kb\/habilitar-y-deshabilitar-cookies-sitios-web-rastrear-preferencias?redirectlocale=es&amp;redirectslug=habilitar-y-deshabilitar-cookies-que-los-sitios-we\">https:\/\/support.mozilla.org\/es\/kb\/habilitar-y-deshabilitar-cookies-sitios-web-rastrear-preferencias?redirectlocale=es&amp;redirectslug=habilitar-y-deshabilitar-cookies-que-los-sitios-we<\/a>&nbsp;<\/p>\n\n\n\n<p>Chrome: <a href=\"https:\/\/support.google.com\/accounts\/answer\/61416?hl=es\">https:\/\/support.google.com\/accounts\/answer\/61416?hl=es<\/a><\/p>\n\n\n\n<p>Explorer: <a href=\"https:\/\/support.microsoft.com\/es-es\/topic\/eliminar-y-administrar-cookies-168dab11-0753-043d-7c16-ede5947fc64d\">https:\/\/support.microsoft.com\/es-es\/topic\/eliminar-y-administrar-cookies-168dab11-0753-043d-7c16-ede5947fc64d<\/a><\/p>\n\n\n\n<p>Safari: <a href=\"https:\/\/support.apple.com\/es-es\/guide\/safari\/sfri11471\/mac\">https:\/\/support.apple.com\/es-es\/guide\/safari\/sfri11471\/mac<\/a><\/p>\n\n\n\n<p>Opera: <a href=\"https:\/\/help.opera.com\/Windows\/11.50\/es-ES\/cookies.html\">https:\/\/help.opera.com\/Windows\/11.50\/es-ES\/cookies.html<\/a><\/p>\n\n\n\n<p>En LVV SPANISH ONLINE SCHOOL estamos concienciados con tu privacidad y el cumplimiento normativo, por lo que, si tienes cualquier duda o comentario, no dudes en contactar con nosotros a trav\u00e9s de info@lvvspanishschool.com<\/p>\n\n\n\n<p>Configuraci\u00f3n de anuncios en otras plataformas<\/p>\n\n\n\n<p>Al igual que sucede en los navegadores de ordenadores, lo navegadores de los dispositivos m\u00f3viles permiten realizar cambios en las opciones o ajustes de privacidad para desactivar o eliminar las cookies.<\/p>\n\n\n\n<p>Si deseas modificar las opciones de privacidad sigue las instrucciones especificadas por el desarrollador de tu navegador para dispositivo m\u00f3vil.<\/p>\n\n\n\n<p>A continuaci\u00f3n, podr\u00e1s encontrar algunos ejemplos de los links que te guiar\u00e1n para modificar las opciones de privacidad en tu dispositivo m\u00f3vil:<\/p>\n\n\n\n<p>Safari para iOS: <a href=\"https:\/\/support.apple.com\/es-es\/HT201265\">https:\/\/support.apple.com\/es-es\/HT201265<\/a><\/p>\n\n\n\n<p>Chrome para Android: <a href=\"https:\/\/support.google.com\/accounts\/answer\/32050?co=GENIE.Platform%3DAndroid&amp;hl=es&amp;oco=0\">https:\/\/support.google.com\/accounts\/answer\/32050?co=GENIE.Platform%3DAndroid&amp;hl=es&amp;oco=0<\/a><\/p>\n\n\n\n<p>Tratamientos de terceros y transferencias internacionales<\/p>\n\n\n\n<p>Puedes informarte sobre los tratamientos llevados a cabo por terceros, y sobre las posibles transferencias a otros pa\u00edses que, en su caso, realizan los terceros identificados en esta pol\u00edtica de cookies en sus correspondientes pol\u00edticas (ver los enlaces facilitados en el apartado referido a cada tipolog\u00eda de cookie). Los diferentes mecanismos de regularizaci\u00f3n de la transferencia internacional, en el caso de existir, ser\u00e1n informados por dichos terceros.<\/p>\n\n\n\n<p>\u00daltima actualizaci\u00f3n: 12 de abril de 2021.<\/p>\n\n\n\n<p>\u00a9Todos los derechos reservados.<\/p>","protected":false},"excerpt":{"rendered":"<p>Cookies policy LVV SPANISH ONLINE SCHOOL This Cookies Policy is an integral part of the Legal Notice and the Data Protection Policy of https:\/\/lvvspanishschool.com\/ (hereinafter, the &#8220;Website&#8221;). Access and navigation on the Website, or the use of its services, imply acceptance of the terms and conditions contained in the Legal Notice and the Data Protection &#8230; <a title=\"Pol\u00edtica de cookies\" class=\"read-more\" href=\"https:\/\/lvvspanishschool.com\/es\/cookies-policy\/\" aria-label=\"M\u00e1s en Cookies policy\">Leer m\u00e1s<\/a><\/p>","protected":false},"author":2,"featured_media":0,"parent":0,"menu_order":0,"comment_status":"closed","ping_status":"closed","template":"","meta":{"footnotes":""},"class_list":["post-1004","page","type-page","status-publish"],"yoast_head":"<!-- This site is optimized with the Yoast SEO plugin v27.4 - https:\/\/yoast.com\/product\/yoast-seo-wordpress\/ -->\n<title>Cookies policy &#187; LVV Spanish Online School<\/title>\n<meta name=\"robots\" content=\"noindex, nofollow\" \/>\n<meta property=\"og:locale\" content=\"es_ES\" \/>\n<meta property=\"og:type\" content=\"article\" \/>\n<meta property=\"og:title\" content=\"Cookies policy &#187; LVV Spanish Online School\" \/>\n<meta property=\"og:description\" content=\"Cookies policy LVV SPANISH ONLINE SCHOOL This Cookies Policy is an integral part of the Legal Notice and the Data Protection Policy of https:\/\/lvvspanishschool.com\/ (hereinafter, the &#8220;Website&#8221;). Access and navigation on the Website, or the use of its services, imply acceptance of the terms and conditions contained in the Legal Notice and the Data Protection ... Leer m\u00e1s\" \/>\n<meta property=\"og:url\" content=\"https:\/\/lvvspanishschool.com\/es\/cookies-policy\/\" \/>\n<meta property=\"og:site_name\" content=\"LVV Spanish Online School\" \/>\n<meta property=\"article:modified_time\" content=\"2021-08-05T15:10:37+00:00\" \/>\n<meta name=\"twitter:card\" content=\"summary_large_image\" \/>\n<meta name=\"twitter:label1\" content=\"Tiempo de lectura\" \/>\n\t<meta name=\"twitter:data1\" content=\"5 minutos\" \/>\n<script type=\"application\/ld+json\" class=\"yoast-schema-graph\">{\"@context\":\"https:\\\/\\\/schema.org\",\"@graph\":[{\"@type\":\"WebPage\",\"@id\":\"https:\\\/\\\/lvvspanishschool.com\\\/cookies-policy\\\/\",\"url\":\"https:\\\/\\\/lvvspanishschool.com\\\/cookies-policy\\\/\",\"name\":\"Cookies policy &#187; LVV Spanish Online School\",\"isPartOf\":{\"@id\":\"https:\\\/\\\/lvvspanishschool.com\\\/#website\"},\"datePublished\":\"2021-04-13T15:13:34+00:00\",\"dateModified\":\"2021-08-05T15:10:37+00:00\",\"breadcrumb\":{\"@id\":\"https:\\\/\\\/lvvspanishschool.com\\\/cookies-policy\\\/#breadcrumb\"},\"inLanguage\":\"es\",\"potentialAction\":[{\"@type\":\"ReadAction\",\"target\":[\"https:\\\/\\\/lvvspanishschool.com\\\/cookies-policy\\\/\"]}]},{\"@type\":\"BreadcrumbList\",\"@id\":\"https:\\\/\\\/lvvspanishschool.com\\\/cookies-policy\\\/#breadcrumb\",\"itemListElement\":[{\"@type\":\"ListItem\",\"position\":1,\"name\":\"Portada\",\"item\":\"https:\\\/\\\/lvvspanishschool.com\\\/\"},{\"@type\":\"ListItem\",\"position\":2,\"name\":\"Cookies policy\"}]},{\"@type\":\"WebSite\",\"@id\":\"https:\\\/\\\/lvvspanishschool.com\\\/#website\",\"url\":\"https:\\\/\\\/lvvspanishschool.com\\\/\",\"name\":\"LVV Spanish Online School\",\"description\":\"Spanish online school\",\"publisher\":{\"@id\":\"https:\\\/\\\/lvvspanishschool.com\\\/#organization\"},\"potentialAction\":[{\"@type\":\"SearchAction\",\"target\":{\"@type\":\"EntryPoint\",\"urlTemplate\":\"https:\\\/\\\/lvvspanishschool.com\\\/?s={search_term_string}\"},\"query-input\":{\"@type\":\"PropertyValueSpecification\",\"valueRequired\":true,\"valueName\":\"search_term_string\"}}],\"inLanguage\":\"es\"},{\"@type\":\"Organization\",\"@id\":\"https:\\\/\\\/lvvspanishschool.com\\\/#organization\",\"name\":\"LVV Spanish Online School\",\"url\":\"https:\\\/\\\/lvvspanishschool.com\\\/\",\"logo\":{\"@type\":\"ImageObject\",\"inLanguage\":\"es\",\"@id\":\"https:\\\/\\\/lvvspanishschool.com\\\/#\\\/schema\\\/logo\\\/image\\\/\",\"url\":\"https:\\\/\\\/lvvspanishschool.com\\\/wp-content\\\/uploads\\\/2021\\\/04\\\/S_LG_SH.png\",\"contentUrl\":\"https:\\\/\\\/lvvspanishschool.com\\\/wp-content\\\/uploads\\\/2021\\\/04\\\/S_LG_SH.png\",\"width\":768,\"height\":768,\"caption\":\"LVV Spanish Online School\"},\"image\":{\"@id\":\"https:\\\/\\\/lvvspanishschool.com\\\/#\\\/schema\\\/logo\\\/image\\\/\"}}]}<\/script>\n<!-- \/ Yoast SEO plugin. -->","yoast_head_json":{"title":"Cookies policy &#187; LVV Spanish Online School","robots":{"index":"noindex","follow":"nofollow"},"og_locale":"es_ES","og_type":"article","og_title":"Cookies policy &#187; LVV Spanish Online School","og_description":"Cookies policy LVV SPANISH ONLINE SCHOOL This Cookies Policy is an integral part of the Legal Notice and the Data Protection Policy of https:\/\/lvvspanishschool.com\/ (hereinafter, the &#8220;Website&#8221;). Access and navigation on the Website, or the use of its services, imply acceptance of the terms and conditions contained in the Legal Notice and the Data Protection ... Leer m\u00e1s","og_url":"https:\/\/lvvspanishschool.com\/es\/cookies-policy\/","og_site_name":"LVV Spanish Online School","article_modified_time":"2021-08-05T15:10:37+00:00","twitter_card":"summary_large_image","twitter_misc":{"Tiempo de lectura":"5 minutos"},"schema":{"@context":"https:\/\/schema.org","@graph":[{"@type":"WebPage","@id":"https:\/\/lvvspanishschool.com\/cookies-policy\/","url":"https:\/\/lvvspanishschool.com\/cookies-policy\/","name":"Cookies policy &#187; LVV Spanish Online School","isPartOf":{"@id":"https:\/\/lvvspanishschool.com\/#website"},"datePublished":"2021-04-13T15:13:34+00:00","dateModified":"2021-08-05T15:10:37+00:00","breadcrumb":{"@id":"https:\/\/lvvspanishschool.com\/cookies-policy\/#breadcrumb"},"inLanguage":"es","potentialAction":[{"@type":"ReadAction","target":["https:\/\/lvvspanishschool.com\/cookies-policy\/"]}]},{"@type":"BreadcrumbList","@id":"https:\/\/lvvspanishschool.com\/cookies-policy\/#breadcrumb","itemListElement":[{"@type":"ListItem","position":1,"name":"Portada","item":"https:\/\/lvvspanishschool.com\/"},{"@type":"ListItem","position":2,"name":"Cookies policy"}]},{"@type":"WebSite","@id":"https:\/\/lvvspanishschool.com\/#website","url":"https:\/\/lvvspanishschool.com\/","name":"LVV Spanish Online School","description":"Spanish online school","publisher":{"@id":"https:\/\/lvvspanishschool.com\/#organization"},"potentialAction":[{"@type":"SearchAction","target":{"@type":"EntryPoint","urlTemplate":"https:\/\/lvvspanishschool.com\/?s={search_term_string}"},"query-input":{"@type":"PropertyValueSpecification","valueRequired":true,"valueName":"search_term_string"}}],"inLanguage":"es"},{"@type":"Organization","@id":"https:\/\/lvvspanishschool.com\/#organization","name":"LVV Spanish Online School","url":"https:\/\/lvvspanishschool.com\/","logo":{"@type":"ImageObject","inLanguage":"es","@id":"https:\/\/lvvspanishschool.com\/#\/schema\/logo\/image\/","url":"https:\/\/lvvspanishschool.com\/wp-content\/uploads\/2021\/04\/S_LG_SH.png","contentUrl":"https:\/\/lvvspanishschool.com\/wp-content\/uploads\/2021\/04\/S_LG_SH.png","width":768,"height":768,"caption":"LVV Spanish Online School"},"image":{"@id":"https:\/\/lvvspanishschool.com\/#\/schema\/logo\/image\/"}}]}},"_links":{"self":[{"href":"https:\/\/lvvspanishschool.com\/es\/wp-json\/wp\/v2\/pages\/1004","targetHints":{"allow":["GET"]}}],"collection":[{"href":"https:\/\/lvvspanishschool.com\/es\/wp-json\/wp\/v2\/pages"}],"about":[{"href":"https:\/\/lvvspanishschool.com\/es\/wp-json\/wp\/v2\/types\/page"}],"author":[{"embeddable":true,"href":"https:\/\/lvvspanishschool.com\/es\/wp-json\/wp\/v2\/users\/2"}],"replies":[{"embeddable":true,"href":"https:\/\/lvvspanishschool.com\/es\/wp-json\/wp\/v2\/comments?post=1004"}],"version-history":[{"count":3,"href":"https:\/\/lvvspanishschool.com\/es\/wp-json\/wp\/v2\/pages\/1004\/revisions"}],"predecessor-version":[{"id":1383,"href":"https:\/\/lvvspanishschool.com\/es\/wp-json\/wp\/v2\/pages\/1004\/revisions\/1383"}],"wp:attachment":[{"href":"https:\/\/lvvspanishschool.com\/es\/wp-json\/wp\/v2\/media?parent=1004"}],"curies":[{"name":"wp","href":"https:\/\/api.w.org\/{rel}","templated":true}]}}