{"id":1002,"date":"2021-04-13T17:13:09","date_gmt":"2021-04-13T15:13:09","guid":{"rendered":"https:\/\/lvvspanishschool.com\/?page_id=1002"},"modified":"2021-08-05T17:10:51","modified_gmt":"2021-08-05T15:10:51","slug":"privacy-policy","status":"publish","type":"page","link":"https:\/\/lvvspanishschool.com\/es\/privacy-policy\/","title":{"rendered":"Pol\u00edtica de privacidad"},"content":{"rendered":"<p>I. RESPONSABLE DEL TRATAMIENTO<\/p>\n\n\n\n<p>\u00bfQui\u00e9n es el responsable de sus datos?<\/p>\n\n\n\n<p>Titular: Lilia S\u00e1nchez Dieppa (en adelante, \u201cLVV SPANISH ONLINE SCHOOL\u201d)<\/p>\n\n\n\n<p>&#8211; DNI: 53.734.547-S<\/p>\n\n\n\n<p>Tel\u00e9fono: +34 666 699 135<\/p>\n\n\n\n<p>&#8211; E-mail: info@lvvspanishschool.com<\/p>\n\n\n\n<p>II. FINALIDAD DEL TRATAMIENTO DE LOS DATOS Y CATEGOR\u00cdAS DE DATOS TRATADOS<\/p>\n\n\n\n<p>\u00bfCon qu\u00e9 finalidad y durante cu\u00e1nto tiempo trataremos sus datos personales?<\/p>\n\n\n\n<p>LVV SPANISH ONLINE SCHOOL, tratar\u00e1 los datos del usuario, de manera manual y\/o automatizada, para las siguientes finalidades espec\u00edficas:<\/p>\n\n\n\n<p>Gestionar la contrataci\u00f3n de servicios que realice a trav\u00e9s de la Plataforma, as\u00ed como la facturaci\u00f3n y entrega correspondiente.<\/p>\n\n\n\n<p>Remitir peri\u00f3dicamente comunicaciones electr\u00f3nicas sobre servicios, eventos y noticias relacionadas con nuestra actividad profesional, salvo que se indique lo contrario o el usuario se oponga o revoque su consentimiento.<\/p>\n\n\n\n<p>Remitir peri\u00f3dicamente informaci\u00f3n comercial y\/o promocional relacionada con el sector de servicios contratados y de valor a\u00f1adido para los usuarios finales, salvo que se indique lo contrario o el usuario se oponga o revoque su consentimiento.<\/p>\n\n\n\n<p>Realizar informes estad\u00edsticos an\u00f3nimos respecto a los h\u00e1bitos de acceso y la actividad desarrollada por los usuarios en la Plataforma.<\/p>\n\n\n\n<p>Elaborar un perfil comercial del usuario y realizar acciones comerciales ajustadas al mismo, utilizando sus datos derivados de la gesti\u00f3n de los productos adquiridos (datos de navegaci\u00f3n, h\u00e1bitos de acceso, tr\u00e1fico), salvo que se indique lo contrario o el usuario se oponga o revoque su consentimiento.<\/p>\n\n\n\n<p>En el caso de que nos remita su cv o se inscriba en las diferentes ofertas de trabajo que podamos publicar, trataremos sus datos con el fin de valorar y gestionar su solicitud de empleo y en su caso, llevar a cabo las actuaciones necesarias para la selecci\u00f3n y contrataci\u00f3n de personal, a fin de ofertarle puestos que se ajusten a tu perfil. Salvo que se indique lo contrario, la aportaci\u00f3n de los datos requeridos es necesaria, por lo que su no aportaci\u00f3n impedir\u00e1 la continuidad del proceso de selecci\u00f3n.<\/p>\n\n\n\n<p>Dar cumplimiento a las obligaciones legalmente establecidas, as\u00ed como verificar el cumplimiento de las obligaciones contractuales, incluida la prevenci\u00f3n de fraude.<\/p>\n\n\n\n<p>\u00bfQu\u00e9 categor\u00edas de datos tratamos?<\/p>\n\n\n\n<p>Atendiendo a las finalidades antes mencionadas, LVV SPANISH ONLINE SCHOOL trata las siguientes categor\u00edas de datos:<\/p>\n\n\n\n<p>Datos identificativos: nombre, apellidos, direcci\u00f3n postal, direcci\u00f3n de correo electr\u00f3nico, c\u00f3digo postal, tel\u00e9fono.<\/p>\n\n\n\n<p>Datos acad\u00e9micos y profesionales: formaci\u00f3n\/titulaciones, historial de estudiante, experiencia profesional, pertenencia a colegios o asociaciones profesionales, en el caso de los procesos de selecci\u00f3n.<\/p>\n\n\n\n<p>Datos de tr\u00e1fico y localizaci\u00f3n.<\/p>\n\n\n\n<p>Metadatos de comunicaciones electr\u00f3nicas.<\/p>\n\n\n\n<p>Datos de informaci\u00f3n comercial.<\/p>\n\n\n\n<p>Datos econ\u00f3micos, o financieros, bancarios.<\/p>\n\n\n\n<p>Los datos personales solicitados son obligatorios, de tal forma que la negativa a suministrarlos supondr\u00e1 la imposibilidad de llevar a cabo la prestaci\u00f3n de los servicios contratados.<\/p>\n\n\n\n<p>El usuario garantiza que los datos aportados son verdaderos, exactos, completos y actualizados, siendo responsable de cualquier da\u00f1o o perjuicio, directo o indirecto, que pudiera ocasionarse como consecuencia del incumplimiento de tal obligaci\u00f3n. En caso de que el usuario facilite datos de terceros, manifiesta contar con el consentimiento de los mismos y se compromete a trasladarle la informaci\u00f3n contenida en esta cl\u00e1usula, eximiendo a LVV SPANISH ONLINE SCHOOL de cualquier responsabilidad en este sentido. No obstante, LVV SPANISH ONLINE SCHOOL podr\u00e1 llevar a cabo las verificaciones para constatar este hecho, adoptando las medidas de diligencia debida que correspondan, conforme a la normativa de protecci\u00f3n de datos.<\/p>\n\n\n\n<p>\u00bfCu\u00e1nto tiempo guardamos sus datos?<\/p>\n\n\n\n<p>LVV SPANISH ONLINE SCHOOL conservar\u00e1 los datos personales de los usuarios \u00fanicamente durante el tiempo necesario para la realizaci\u00f3n de las finalidades para las que fueron recogidos, mientras no revoque los consentimientos otorgados. Posteriormente, en caso de ser necesario, mantendr\u00e1 la informaci\u00f3n bloqueada los plazos legalmente establecidos.<\/p>\n\n\n\n<p>En el caso de los datos que nos facilite en relaci\u00f3n con las ofertas de empleo en que quiera suscribirse, ser\u00e1n conservados durante un a\u00f1o, desde la fecha de la \u00faltima actualizaci\u00f3n. Transcurrido dicho periodo, sin que hayan sido actualizados, los datos ser\u00e1n suprimidos, salvo que nos indique lo contrario.<\/p>\n\n\n\n<p>\u00bfQu\u00e9 medidas de seguridad implantamos para cuidar sus datos?<\/p>\n\n\n\n<p>Desde el compromiso de LVV SPANISH ONLINE SCHOOL con la protecci\u00f3n de los datos personales y la privacidad de los usuarios, por lo que, para proteger las diferentes tipolog\u00edas de datos reflejados en esta pol\u00edtica de privacidad llevar\u00e1 a cabo las medidas de seguridad t\u00e9cnicas necesarias para evitar su p\u00e9rdida, manipulaci\u00f3n, difusi\u00f3n o alteraci\u00f3n.<\/p>\n\n\n\n<p>Encriptaci\u00f3n de las comunicaciones entre el dispositivo del usuario y los servidores de LVV SPANISH ONLINE SCHOOL.<\/p>\n\n\n\n<p>Encriptaci\u00f3n de la informaci\u00f3n en los propios servidores de LVV SPANISH ONLINE SCHOOL.<\/p>\n\n\n\n<p>Otras medidas que eviten el acceso a los datos del usuario por parte de terceros.<\/p>\n\n\n\n<p>En aquellos casos en los que LVV SPANISH ONLINE SCHOOL cuente con prestadores de servicio para el mantenimiento de la plataforma que se encuentren fuera de la Uni\u00f3n Europea, estas trasferencias internacionales se hayan regularizadas atendiendo al compromiso de LVV SPANISH ONLINE SCHOOL con la protecci\u00f3n, integridad y seguridad de los datos personales de los usuarios.<\/p>\n\n\n\n<p>III. COMUNICACIONES DE DATOS<\/p>\n\n\n\n<p>\u00bfA qu\u00e9 destinatarios se comunicar\u00e1n tus datos?<\/p>\n\n\n\n<p>LVV SPANISH ONLINE SCHOOL informa al usuario que sus datos ser\u00e1n tratados con la finalidad de poder atender sus solicitudes, gestionar los servicios que contrata e informarle sobre servicios, eventos y noticias relacionadas con nuestra actividad profesional.<\/p>\n\n\n\n<p>Adicionalmente, le informamos que determinados datos, en el marco de la normativa vigente o de la relaci\u00f3n contractual que mantenga con LVV SPANISH ONLINE SCHOOL, puede ser comunicados a:<\/p>\n\n\n\n<p>Los Bancos y entidades financieras para el cobro de los servicios ofrecidos.<\/p>\n\n\n\n<p>Otros profesionales del \u00e1mbito jur\u00eddico, cuando dicha comunicaci\u00f3n sea necesaria normativamente, o para la ejecuci\u00f3n de los servicios contratados.<\/p>\n\n\n\n<p>IV. LEGITIMACI\u00d3N<\/p>\n\n\n\n<p>\u00bfCu\u00e1l es la legitimaci\u00f3n para el tratamiento de sus datos?<\/p>\n\n\n\n<p>La legitimaci\u00f3n por parte de LVV SPANISH ONLINE SCHOOL para llevar a cabo el tratamiento de los datos de los usuarios encuentra en el consentimiento del interesado, solicitado para el caso concreto.<\/p>\n\n\n\n<p>Por su parte, la gesti\u00f3n de la contrataci\u00f3n de servicios, pago, facturaci\u00f3n y env\u00edos correspondientes est\u00e1 legitimada por la propia ejecuci\u00f3n del contrato.<\/p>\n\n\n\n<p>El tratamiento de los datos con el fin de remitir boletines electr\u00f3nicos sobre servicios, eventos y noticias relacionadas con nuestra actividad profesional, se basa en el inter\u00e9s leg\u00edtimo de LVV SPANISH ONLINE SCHOOL para llevar a cabo dichos tratamientos de acuerdo con la normativa vigente.<\/p>\n\n\n\n<p>Adicionalmente, la legitimaci\u00f3n para el tratamiento de sus datos, en relaci\u00f3n con la remisi\u00f3n de CVs e inscripciones en ofertas profesionales que podamos publicar, se basa en el consentimiento de usuario que remite sus datos, que puede retirar en cualquier momento, si bien ello har\u00eda que su candidatura no pudiera ser tenida en cuenta en nuestros procesos de selecci\u00f3n de personal. No obstante, la retirada de su consentimiento no afectar\u00e1 a la licitud de los tratamientos efectuados con anterioridad.<\/p>\n\n\n\n<p>Igualmente se podr\u00e1 utilizar la informaci\u00f3n del usuario para el cumplimiento de las diferentes obligaciones legales de LVV SPANISH ONLINE SCHOOL.<\/p>\n\n\n\n<p>V. DERECHOS DE LOS USUARIOS<\/p>\n\n\n\n<p>\u00bfQu\u00e9 derechos tiene el interesado?<\/p>\n\n\n\n<p>Puede enviarnos un escrito a LVV SPANISH ONLINE SCHOOL a trav\u00e9s de la direcci\u00f3n de correo electr\u00f3nico info@lvvspanishschool.com. En cualquier momento y de manera gratuita, los siguientes derechos:<\/p>\n\n\n\n<p>Revocar los consentimientos otorgados.<\/p>\n\n\n\n<p>Obtener confirmaci\u00f3n acerca de si en LVV SPANISH ONLINE SCHOOL se est\u00e1n tratando datos personales que le conciernen o no.<\/p>\n\n\n\n<p>Acceder a sus datos personales.<\/p>\n\n\n\n<p>Rectificar los datos inexactos o incompletos.<\/p>\n\n\n\n<p>Solicitar la supresi\u00f3n de sus datos cuando, entre otros motivos, los datos ya no sean necesarios para los fines que fueron recogidos.<\/p>\n\n\n\n<p>Obtener de LVV SPANISH ONLINE SCHOOL la limitaci\u00f3n del tratamiento de los datos cuando se cumpla alguna de las condiciones previstas en la normativa de protecci\u00f3n de datos.<\/p>\n\n\n\n<p>En determinadas circunstancias y por motivos relacionados con su situaci\u00f3n particular al tratamiento de sus datos, los interesados podr\u00e1n oponerse al tratamiento de sus datos. LVV SPANISH ONLINE SCHOOL dejar\u00e1 de tratar los datos, salvo por motivos leg\u00edtimos imperiosos, o el ejercicio o la defensa de posibles reclamaciones.<\/p>\n\n\n\n<p>Obtener intervenci\u00f3n humana, a expresar su punto de vista y a impugnar las decisiones automatizadas a adoptadas por parte de LVV SPANISH ONLINE SCHOOL, en su caso.<\/p>\n\n\n\n<p>Solicitar la portabilidad de sus datos.<\/p>\n\n\n\n<p>Reclamar ante la Agencia Espa\u00f1ola de Protecci\u00f3n de Datos, cuando el interesado considere que LVV SPANISH ONLINE SCHOOL ha vulnerado los derechos que le son reconocidos por la normativa aplicable en protecci\u00f3n de datos.<\/p>\n\n\n\n<p>Desde LVV SPANISH ONLINE SCHOOL estamos comprometidos con el cumplimiento normativo y el respeto de los derechos de los usuarios, as\u00ed como el respeto a su privacidad, por lo que si tiene alguna duda con respecto a c\u00f3mo tratamos sus datos personales, no dude en ponerse en contacto con nosotros a trav\u00e9s de las v\u00edas indicadas.<\/p>\n\n\n\n<p>\u00daltima actualizaci\u00f3n: 12 de abril de 2021<\/p>\n\n\n\n<p>\u00a9Todos los derechos reservados.<\/p>","protected":false},"excerpt":{"rendered":"<p>I. RESPONSIBLE FOR THE TREATMENT Who is responsible for your data? &#8211; Owner: Lilia S\u00e1nchez Dieppa (hereinafter, &#8220;LVV SPANISH ONLINE SCHOOL&#8221;) &#8211; DNI: 53.734.547-S &#8211; Telephone: +34 666 699 135 &#8211; E-mail: info@lvvspanishschool.com II. PURPOSE OF THE DATA PROCESSING AND CATEGORIES OF DATA PROCESSED For what purpose and for how long will we process your &#8230; <a title=\"Pol\u00edtica de privacidad\" class=\"read-more\" href=\"https:\/\/lvvspanishschool.com\/es\/privacy-policy\/\" aria-label=\"M\u00e1s en Privacy policy\">Leer m\u00e1s<\/a><\/p>","protected":false},"author":2,"featured_media":0,"parent":0,"menu_order":0,"comment_status":"closed","ping_status":"closed","template":"","meta":{"footnotes":""},"class_list":["post-1002","page","type-page","status-publish"],"yoast_head":"<!-- This site is optimized with the Yoast SEO plugin v27.4 - https:\/\/yoast.com\/product\/yoast-seo-wordpress\/ -->\n<title>Privacy policy &#187; LVV Spanish Online School<\/title>\n<meta name=\"robots\" content=\"noindex, nofollow\" \/>\n<meta property=\"og:locale\" content=\"es_ES\" \/>\n<meta property=\"og:type\" content=\"article\" \/>\n<meta property=\"og:title\" content=\"Privacy policy &#187; LVV Spanish Online School\" \/>\n<meta property=\"og:description\" content=\"I. RESPONSIBLE FOR THE TREATMENT Who is responsible for your data? &#8211; Owner: Lilia S\u00e1nchez Dieppa (hereinafter, &#8220;LVV SPANISH ONLINE SCHOOL&#8221;) &#8211; DNI: 53.734.547-S &#8211; Telephone: +34 666 699 135 &#8211; E-mail: info@lvvspanishschool.com II. PURPOSE OF THE DATA PROCESSING AND CATEGORIES OF DATA PROCESSED For what purpose and for how long will we process your ... Leer m\u00e1s\" \/>\n<meta property=\"og:url\" content=\"https:\/\/lvvspanishschool.com\/es\/privacy-policy\/\" \/>\n<meta property=\"og:site_name\" content=\"LVV Spanish Online School\" \/>\n<meta property=\"article:modified_time\" content=\"2021-08-05T15:10:51+00:00\" \/>\n<meta name=\"twitter:card\" content=\"summary_large_image\" \/>\n<meta name=\"twitter:label1\" content=\"Tiempo de lectura\" \/>\n\t<meta name=\"twitter:data1\" content=\"6 minutos\" \/>\n<script type=\"application\/ld+json\" class=\"yoast-schema-graph\">{\"@context\":\"https:\\\/\\\/schema.org\",\"@graph\":[{\"@type\":\"WebPage\",\"@id\":\"https:\\\/\\\/lvvspanishschool.com\\\/privacy-policy\\\/\",\"url\":\"https:\\\/\\\/lvvspanishschool.com\\\/privacy-policy\\\/\",\"name\":\"Privacy policy &#187; LVV Spanish Online School\",\"isPartOf\":{\"@id\":\"https:\\\/\\\/lvvspanishschool.com\\\/#website\"},\"datePublished\":\"2021-04-13T15:13:09+00:00\",\"dateModified\":\"2021-08-05T15:10:51+00:00\",\"breadcrumb\":{\"@id\":\"https:\\\/\\\/lvvspanishschool.com\\\/privacy-policy\\\/#breadcrumb\"},\"inLanguage\":\"es\",\"potentialAction\":[{\"@type\":\"ReadAction\",\"target\":[\"https:\\\/\\\/lvvspanishschool.com\\\/privacy-policy\\\/\"]}]},{\"@type\":\"BreadcrumbList\",\"@id\":\"https:\\\/\\\/lvvspanishschool.com\\\/privacy-policy\\\/#breadcrumb\",\"itemListElement\":[{\"@type\":\"ListItem\",\"position\":1,\"name\":\"Portada\",\"item\":\"https:\\\/\\\/lvvspanishschool.com\\\/\"},{\"@type\":\"ListItem\",\"position\":2,\"name\":\"Privacy policy\"}]},{\"@type\":\"WebSite\",\"@id\":\"https:\\\/\\\/lvvspanishschool.com\\\/#website\",\"url\":\"https:\\\/\\\/lvvspanishschool.com\\\/\",\"name\":\"LVV Spanish Online School\",\"description\":\"Spanish online school\",\"publisher\":{\"@id\":\"https:\\\/\\\/lvvspanishschool.com\\\/#organization\"},\"potentialAction\":[{\"@type\":\"SearchAction\",\"target\":{\"@type\":\"EntryPoint\",\"urlTemplate\":\"https:\\\/\\\/lvvspanishschool.com\\\/?s={search_term_string}\"},\"query-input\":{\"@type\":\"PropertyValueSpecification\",\"valueRequired\":true,\"valueName\":\"search_term_string\"}}],\"inLanguage\":\"es\"},{\"@type\":\"Organization\",\"@id\":\"https:\\\/\\\/lvvspanishschool.com\\\/#organization\",\"name\":\"LVV Spanish Online School\",\"url\":\"https:\\\/\\\/lvvspanishschool.com\\\/\",\"logo\":{\"@type\":\"ImageObject\",\"inLanguage\":\"es\",\"@id\":\"https:\\\/\\\/lvvspanishschool.com\\\/#\\\/schema\\\/logo\\\/image\\\/\",\"url\":\"https:\\\/\\\/lvvspanishschool.com\\\/wp-content\\\/uploads\\\/2021\\\/04\\\/S_LG_SH.png\",\"contentUrl\":\"https:\\\/\\\/lvvspanishschool.com\\\/wp-content\\\/uploads\\\/2021\\\/04\\\/S_LG_SH.png\",\"width\":768,\"height\":768,\"caption\":\"LVV Spanish Online School\"},\"image\":{\"@id\":\"https:\\\/\\\/lvvspanishschool.com\\\/#\\\/schema\\\/logo\\\/image\\\/\"}}]}<\/script>\n<!-- \/ Yoast SEO plugin. -->","yoast_head_json":{"title":"Privacy policy &#187; LVV Spanish Online School","robots":{"index":"noindex","follow":"nofollow"},"og_locale":"es_ES","og_type":"article","og_title":"Privacy policy &#187; LVV Spanish Online School","og_description":"I. RESPONSIBLE FOR THE TREATMENT Who is responsible for your data? &#8211; Owner: Lilia S\u00e1nchez Dieppa (hereinafter, &#8220;LVV SPANISH ONLINE SCHOOL&#8221;) &#8211; DNI: 53.734.547-S &#8211; Telephone: +34 666 699 135 &#8211; E-mail: info@lvvspanishschool.com II. PURPOSE OF THE DATA PROCESSING AND CATEGORIES OF DATA PROCESSED For what purpose and for how long will we process your ... Leer m\u00e1s","og_url":"https:\/\/lvvspanishschool.com\/es\/privacy-policy\/","og_site_name":"LVV Spanish Online School","article_modified_time":"2021-08-05T15:10:51+00:00","twitter_card":"summary_large_image","twitter_misc":{"Tiempo de lectura":"6 minutos"},"schema":{"@context":"https:\/\/schema.org","@graph":[{"@type":"WebPage","@id":"https:\/\/lvvspanishschool.com\/privacy-policy\/","url":"https:\/\/lvvspanishschool.com\/privacy-policy\/","name":"Privacy policy &#187; LVV Spanish Online School","isPartOf":{"@id":"https:\/\/lvvspanishschool.com\/#website"},"datePublished":"2021-04-13T15:13:09+00:00","dateModified":"2021-08-05T15:10:51+00:00","breadcrumb":{"@id":"https:\/\/lvvspanishschool.com\/privacy-policy\/#breadcrumb"},"inLanguage":"es","potentialAction":[{"@type":"ReadAction","target":["https:\/\/lvvspanishschool.com\/privacy-policy\/"]}]},{"@type":"BreadcrumbList","@id":"https:\/\/lvvspanishschool.com\/privacy-policy\/#breadcrumb","itemListElement":[{"@type":"ListItem","position":1,"name":"Portada","item":"https:\/\/lvvspanishschool.com\/"},{"@type":"ListItem","position":2,"name":"Privacy policy"}]},{"@type":"WebSite","@id":"https:\/\/lvvspanishschool.com\/#website","url":"https:\/\/lvvspanishschool.com\/","name":"LVV Spanish Online School","description":"Spanish online school","publisher":{"@id":"https:\/\/lvvspanishschool.com\/#organization"},"potentialAction":[{"@type":"SearchAction","target":{"@type":"EntryPoint","urlTemplate":"https:\/\/lvvspanishschool.com\/?s={search_term_string}"},"query-input":{"@type":"PropertyValueSpecification","valueRequired":true,"valueName":"search_term_string"}}],"inLanguage":"es"},{"@type":"Organization","@id":"https:\/\/lvvspanishschool.com\/#organization","name":"LVV Spanish Online School","url":"https:\/\/lvvspanishschool.com\/","logo":{"@type":"ImageObject","inLanguage":"es","@id":"https:\/\/lvvspanishschool.com\/#\/schema\/logo\/image\/","url":"https:\/\/lvvspanishschool.com\/wp-content\/uploads\/2021\/04\/S_LG_SH.png","contentUrl":"https:\/\/lvvspanishschool.com\/wp-content\/uploads\/2021\/04\/S_LG_SH.png","width":768,"height":768,"caption":"LVV Spanish Online School"},"image":{"@id":"https:\/\/lvvspanishschool.com\/#\/schema\/logo\/image\/"}}]}},"_links":{"self":[{"href":"https:\/\/lvvspanishschool.com\/es\/wp-json\/wp\/v2\/pages\/1002","targetHints":{"allow":["GET"]}}],"collection":[{"href":"https:\/\/lvvspanishschool.com\/es\/wp-json\/wp\/v2\/pages"}],"about":[{"href":"https:\/\/lvvspanishschool.com\/es\/wp-json\/wp\/v2\/types\/page"}],"author":[{"embeddable":true,"href":"https:\/\/lvvspanishschool.com\/es\/wp-json\/wp\/v2\/users\/2"}],"replies":[{"embeddable":true,"href":"https:\/\/lvvspanishschool.com\/es\/wp-json\/wp\/v2\/comments?post=1002"}],"version-history":[{"count":3,"href":"https:\/\/lvvspanishschool.com\/es\/wp-json\/wp\/v2\/pages\/1002\/revisions"}],"predecessor-version":[{"id":1385,"href":"https:\/\/lvvspanishschool.com\/es\/wp-json\/wp\/v2\/pages\/1002\/revisions\/1385"}],"wp:attachment":[{"href":"https:\/\/lvvspanishschool.com\/es\/wp-json\/wp\/v2\/media?parent=1002"}],"curies":[{"name":"wp","href":"https:\/\/api.w.org\/{rel}","templated":true}]}}